{"id":62,"date":"2018-12-05T23:16:47","date_gmt":"2018-12-06T01:16:47","guid":{"rendered":"http:\/\/dominioteste.web959.uni5.net\/colegioasas\/escola-asas\/?page_id=62"},"modified":"2025-09-16T11:57:11","modified_gmt":"2025-09-16T14:57:11","slug":"proposta-pedagogica","status":"publish","type":"page","link":"https:\/\/colegioasas.com.br\/escola-asas\/proposta-pedagogica\/","title":{"rendered":"Proposta Pedag\u00f3gica"},"content":{"rendered":"<p><span class=\"fontstyle0\">A Escola Asas de Papel tem como base a Proposta Pedag\u00f3gica Sociointeracionista. Por meio dela, o professor atua como mediador com interven\u00e7\u00f5es voltadas para as compet\u00eancias e habilidades apresentadas na BNCC (Base Nacional Comum Curricular) que dialogam com os quatro eixos de forma\u00e7\u00e3o: Letramentos e capacidade de aprender; Leitura do mundo natural e social; \u00c9tica e pensamento cr\u00edtico; e Solidariedade e sociabilidade.<br \/>\n<\/span><span class=\"fontstyle0\"><br \/>\nNa Escola Asas de Papel, o(a) estudante vivencia novas e desafiadoras experi\u00eancias, assim, torna-se protagonista da sua aprendizagem. Diante disso, temos como eixo principal o desenvolvimento integral desses educandos nos aspectos cognitivos e socioemocionais preparando-os para conviver com autonomia no contexto globalizado.<\/span><\/p>\n<p><span class=\"fontstyle0\">Estruturamos nosso Curr\u00edculo tamb\u00e9m por meio de Modalidades Organizativas: Projetos Pedag\u00f3gicos, Sequ\u00eancias Did\u00e1ticas, Atividades Permanentes e Atividades Espor\u00e1dicas. Todas elas est\u00e3o presentes na rotina pedag\u00f3gica com objetivo de potencializar as habilidades, assim como promover uma aprendizagem significativa.<\/span><\/p>\n<p><strong><span class=\"fontstyle0\">INGL\u00caS: Educa\u00e7\u00e3o bil\u00edngue: um mundo de possibilidades<\/span><br \/>\n<\/strong><\/p>\n<p><span class=\"fontstyle0\">A imers\u00e3o no Ingl\u00eas \u00e9 imprescind\u00edvel nos dias atuais pelo fato de esta ser uma l\u00edngua internacional, dos estudos, dos neg\u00f3cios, da comunica\u00e7\u00e3o: o \u201cpassaporte para o mundo\u201d.<\/span><\/p>\n<p><span class=\"fontstyle0\">As aulas em Ingl\u00eas na Escola Asas de Papel t\u00eam como prop\u00f3sito inspirar os jovens e trazer todas as ferramentas que eles precisam para o desenvolvimento de habilidades essenciais no s\u00e9culo XXI, como a comunica\u00e7\u00e3o, a criatividade, o pensamento cr\u00edtico, a colabora\u00e7\u00e3o e a empatia.<\/span><\/p>\n<p><span class=\"fontstyle0\">O Componente Curricular L\u00edngua Inglesa visa promover uma forma\u00e7\u00e3o s\u00f3lida no idioma, preparando os alunos para situa\u00e7\u00f5es comunicativas que envolvam as quatro habilidades: ler, ouvir, escrever e falar, por meio de uma experi\u00eancia din\u00e2mica e engajadora baseada nas metodologias CLIL \u2013 <\/span><span class=\"fontstyle2\">Contentand Language Integrated Learning <\/span><span class=\"fontstyle0\">(Ensino Integrado de Conte\u00fado e L\u00edngua) e PBL \u2013 <\/span><span class=\"fontstyle2\">Project Based Learning <\/span><span class=\"fontstyle0\">(Aprendizagem Baseada em Projetos).<\/span><\/p>\n<p><span class=\"fontstyle0\">Gra\u00e7as a uma vis\u00e3o pluralista e ao incentivo \u00e0s m\u00faltiplas compet\u00eancias e habilidades, garantimos aos nossos educandos uma forma\u00e7\u00e3o que lhes permite pensar de forma global, desenvolvendo-os de uma maneira integral e levando-os \u00e0 percep\u00e7\u00e3o de que vivemos em um mundo no qual a aprendizagem \u00e9 cont\u00ednua e as pessoas s\u00e3o eternas aprendizes.<\/span><\/p>\n<p><span class=\"fontstyle0\">EDUCA\u00c7\u00c3O F\u00cdSICA<\/span><\/p>\n<p><span class=\"fontstyle0\">Os princ\u00edpios pedag\u00f3gicos que norteiam o esporte na Escola s\u00e3o: ensinar mais que o esporte (Valores); ensinar a pr\u00e1tica da modalidade esportiva (Conhecimentos t\u00e9cnicos\/t\u00e1ticos); ensinar a gostar do esporte (L\u00fadico); e ensinar o esporte a todos (Inclus\u00e3o).<\/span><\/p>\n<p><span class=\"fontstyle0\">Nesse sentido, a Educa\u00e7\u00e3o F\u00edsica tem como objeto de estudo a cultura corporal na qual os(as) estudantes, por meio de aulas te\u00f3ricas e vivenciais, s\u00e3o oportunizados(as) a compreender e discutir criticamente diversas tem\u00e1ticas que fortalecem um ensino ASAS de excel\u00eancia.<\/span><\/p>\n<p><span class=\"fontstyle0\">As aulas de Educa\u00e7\u00e3o F\u00edsica aproximam os estudantes dos conhecimentos produzidos historicamente pela humanidade com estrat\u00e9gias fundamentadas e adequadas \u00e0 realidade contempor\u00e2nea, inclusive acompanhando as principais discuss\u00f5es propostas nos instrumentos de avalia\u00e7\u00e3o apresentadas pelo Minist\u00e9rio da Educa\u00e7\u00e3o (MEC), como o ENEM.<\/span><\/p>\n<p><strong><span class=\"fontstyle0\">OFICINAS DE ESPORTE<\/span><br \/>\n<\/strong><br \/>\n<span class=\"fontstyle0\">As Oficinas de Esporte Asas acontecem em um espa\u00e7o planejado especificamente para essas a\u00e7\u00f5es, ou seja, um espa\u00e7o psicomotor que complementa a forma\u00e7\u00e3o de nossos alunos e alunas a partir de atividades esportivas que envolvem toda a comunidade escolar.<\/span><\/p>\n<p><span class=\"fontstyle0\">Acolher \u00e9 nossa maior li\u00e7\u00e3o. Venha voar conosco!<\/span><\/p>\n","protected":false},"excerpt":{"rendered":"<p>A Escola Asas de Papel tem como base a Proposta Pedag\u00f3gica Sociointeracionista. Por meio dela, o professor atua como mediador com interven\u00e7\u00f5es voltadas para as compet\u00eancias e habilidades apresentadas na BNCC (Base Nacional Comum Curricular) que dialogam com os quatro eixos de forma\u00e7\u00e3o: Letramentos e capacidade de aprender; Leitura do mundo natural e social; \u00c9tica [&hellip;]<\/p>\n","protected":false},"author":1,"featured_media":0,"parent":0,"menu_order":0,"comment_status":"closed","ping_status":"closed","template":"","meta":{"footnotes":""},"class_list":["post-62","page","type-page","status-publish","hentry"],"_links":{"self":[{"href":"https:\/\/colegioasas.com.br\/escola-asas\/wp-json\/wp\/v2\/pages\/62","targetHints":{"allow":["GET"]}}],"collection":[{"href":"https:\/\/colegioasas.com.br\/escola-asas\/wp-json\/wp\/v2\/pages"}],"about":[{"href":"https:\/\/colegioasas.com.br\/escola-asas\/wp-json\/wp\/v2\/types\/page"}],"author":[{"embeddable":true,"href":"https:\/\/colegioasas.com.br\/escola-asas\/wp-json\/wp\/v2\/users\/1"}],"replies":[{"embeddable":true,"href":"https:\/\/colegioasas.com.br\/escola-asas\/wp-json\/wp\/v2\/comments?post=62"}],"version-history":[{"count":8,"href":"https:\/\/colegioasas.com.br\/escola-asas\/wp-json\/wp\/v2\/pages\/62\/revisions"}],"predecessor-version":[{"id":754,"href":"https:\/\/colegioasas.com.br\/escola-asas\/wp-json\/wp\/v2\/pages\/62\/revisions\/754"}],"wp:attachment":[{"href":"https:\/\/colegioasas.com.br\/escola-asas\/wp-json\/wp\/v2\/media?parent=62"}],"curies":[{"name":"wp","href":"https:\/\/api.w.org\/{rel}","templated":true}]}}