{"id":2,"date":"2018-11-29T14:14:19","date_gmt":"2018-11-29T16:14:19","guid":{"rendered":"http:\/\/dominioteste.web959.uni5.net\/colegioasas\/escola-asas\/?page_id=2"},"modified":"2025-09-16T11:52:13","modified_gmt":"2025-09-16T14:52:13","slug":"nossa-historia-2","status":"publish","type":"page","link":"https:\/\/colegioasas.com.br\/escola-asas\/nossa-historia-2\/","title":{"rendered":"Nossa Hist\u00f3ria"},"content":{"rendered":"<p><span class=\"fontstyle0\">Em 1998, nasceu no cora\u00e7\u00e3o da fam\u00edlia Asas o desejo de realizar um grande projeto: a constru\u00e7\u00e3o de um espa\u00e7o no qual aprendizagens, desafios, desejos e muitas descobertas se encontrassem para uma grande explos\u00e3o de saberes. Assim, come\u00e7amos a realiza\u00e7\u00e3o de um lindo sonho&#8230;<\/span><\/p>\n<p><span class=\"fontstyle0\">Assim, em 1999, nasceu a Escola Asas de Papel. Esse nome surgiu a partir da leitura do encantador livro \u201cAsa de Papel\u201d, do escritor Marcelo Xavier. O livro apresenta momentos inusitados nos quais o personagem aparece feliz, lendo e viajando em saborosas hist\u00f3rias, o que nos estimulou ainda mais a \u201cVOAR\u201d. Assim, iniciamos nossas primeiras aulas. Tudo maravilhosamente lindo! Professores, coordenadores, pais, alunos e diretores felizes, ansiosos e participativos.<\/span><\/p>\n<p><span class=\"fontstyle0\">Em 2010, nosso avi\u00e3o cresceu e passou a voar ainda mais alto. Alguns ajustes foram necess\u00e1rios&#8230; Novo pr\u00e9dio, novos segmentos e um nome ainda mais forte: Col\u00e9gio Asas! Ele anuncia uma velocidade capaz de ir l\u00e1 longe, onde o c\u00e9u \u00e9 o limite e os sonhos s\u00e3o ilimitados.<\/span><\/p>\n<p><span class=\"fontstyle0\">Em 2018, mais um novo pr\u00e9dio! Com um novo visual, maior e mais forte, esse novo espa\u00e7o acolhe, exclusivamente, estudantes do Grupo 02 ao 5\u00b0 ano do Ensino Fundamental &#8211; Anos Iniciais. Al\u00e9m da nossa proposta pedag\u00f3gica, ampliamos o Programa de Ensino Bil\u00edngue. Passamos a ter aulas em Ingl\u00eas todos os dias, uma imers\u00e3o em pr\u00e1ticas de conversa\u00e7\u00e3o na segunda l\u00edngua, \u201ccrescendo\u201d para novos voos.<\/span><\/p>\n<p><span class=\"fontstyle0\">E por falar em voos, em 2021, felicidade nos definiu! Enfim, pisamos em no \u201cnovo\u201d, vivendo as alegrias n\u00e3o apenas de poder estarmos juntos uns dos outros de forma presencial, mas tamb\u00e9m por desbravar cada espa\u00e7o de um novo pr\u00e9dio que foi pensado em cada detalhe para acolher a inf\u00e2ncia das nossas crian\u00e7as!<\/span><\/p>\n<p><span class=\"fontstyle0\">Em 2024, vivemos muitas conquistas! Realizamos v\u00e1rias a\u00e7\u00f5es significativas que possibilitaram aos nossos estudantes viv\u00eancias e experi\u00eancias de aprendizagem que foram al\u00e9m dos muros da Institui\u00e7\u00e3o Asas. Realizamos o LITERASAS, um grande festival liter\u00e1rio e cultural que envolveu os estudantes, as fam\u00edlias Asas e convidados. Ampliamos nas nossas Modalidades Organizativas com o Projeto Educa\u00e7\u00e3o Cient\u00edfica ASAS \u2500 que teve como um dos objetivos abordar com os alunos as etapas que fazem parte da pesquisa cient\u00edfica: observa\u00e7\u00e3o, levantamento de hip\u00f3teses, experimenta\u00e7\u00e3o e constata\u00e7\u00e3o, al\u00e9m de repertori\u00e1-los com abordagens que v\u00e3o al\u00e9m de conte\u00fados acad\u00eamicos.<\/span><\/p>\n<p><span class=\"fontstyle0\">Promovemos situa\u00e7\u00f5es pedag\u00f3gicas e socioafetivas que contribuir\u00e3o para a vida, afinal, nossa escola tem ludicidade, aprendizagens, descobertas, respeito e muito amor!!!<\/span><\/p>\n<p><span class=\"fontstyle0\">E para 2026? Ah! Em 2026, continuaremos crescendo, possibilitando outros sonhos para criarmos novas ASAS!<br \/>\n<\/span><span class=\"fontstyle2\">Querem saber mais sobre essa hist\u00f3ria? Ent\u00e3o, venham voar conosco!<br \/>\n<\/span><span class=\"fontstyle0\">Na realiza\u00e7\u00e3o deste sonho: <\/span><span class=\"fontstyle2\">Geane e Henrique Cerqueira; Simone Novaes; Telma e Carlos Roberto Garcia.<br \/>\nAgradecemos \u00e0s fam\u00edlias que, assim como n\u00f3s, acreditam na educa\u00e7\u00e3o com respeito, afeto e sensibilidade.<\/span><\/p>\n<p><span class=\"fontstyle0\">Gratid\u00e3o!!!<\/span><\/p>\n","protected":false},"excerpt":{"rendered":"<p>Em 1998, nasceu no cora\u00e7\u00e3o da fam\u00edlia Asas o desejo de realizar um grande projeto: a constru\u00e7\u00e3o de um espa\u00e7o no qual aprendizagens, desafios, desejos e muitas descobertas se encontrassem para uma grande explos\u00e3o de saberes. Assim, come\u00e7amos a realiza\u00e7\u00e3o de um lindo sonho&#8230; Assim, em 1999, nasceu a Escola Asas de Papel. Esse nome [&hellip;]<\/p>\n","protected":false},"author":1,"featured_media":0,"parent":0,"menu_order":0,"comment_status":"closed","ping_status":"open","template":"","meta":{"footnotes":""},"class_list":["post-2","page","type-page","status-publish","hentry"],"_links":{"self":[{"href":"https:\/\/colegioasas.com.br\/escola-asas\/wp-json\/wp\/v2\/pages\/2","targetHints":{"allow":["GET"]}}],"collection":[{"href":"https:\/\/colegioasas.com.br\/escola-asas\/wp-json\/wp\/v2\/pages"}],"about":[{"href":"https:\/\/colegioasas.com.br\/escola-asas\/wp-json\/wp\/v2\/types\/page"}],"author":[{"embeddable":true,"href":"https:\/\/colegioasas.com.br\/escola-asas\/wp-json\/wp\/v2\/users\/1"}],"replies":[{"embeddable":true,"href":"https:\/\/colegioasas.com.br\/escola-asas\/wp-json\/wp\/v2\/comments?post=2"}],"version-history":[{"count":5,"href":"https:\/\/colegioasas.com.br\/escola-asas\/wp-json\/wp\/v2\/pages\/2\/revisions"}],"predecessor-version":[{"id":753,"href":"https:\/\/colegioasas.com.br\/escola-asas\/wp-json\/wp\/v2\/pages\/2\/revisions\/753"}],"wp:attachment":[{"href":"https:\/\/colegioasas.com.br\/escola-asas\/wp-json\/wp\/v2\/media?parent=2"}],"curies":[{"name":"wp","href":"https:\/\/api.w.org\/{rel}","templated":true}]}}